{"id":192,"date":"2025-03-19T21:58:35","date_gmt":"2025-03-19T21:58:35","guid":{"rendered":"https:\/\/h360consulting.com\/consultoria-h360\/"},"modified":"2025-07-10T10:45:28","modified_gmt":"2025-07-10T10:45:28","slug":"consultoria-h360","status":"publish","type":"page","link":"https:\/\/h360consulting.com\/es\/","title":{"rendered":"Consultor\u00eda H360"},"content":{"rendered":"\n    <section class=\"homepage-banner\" style=\"background-image: url('https:\/\/h360consulting.com\/wp-content\/uploads\/2025\/03\/homepage-banner-1.webp');\">\n        <div class=\"homepage-banner__content\">\n                            <h1 class=\"homepage-banner__title\">Conectamos Empresas con Oportunidades Globales<\/h1>\n                        \n                            <div class=\"homepage-banner__description\">\n                    <p>H360 Consulting, tu socio estrat\u00e9gico en expansi\u00f3n internacional<\/p>\n                <\/div>\n                        <div class=\"homepage-banner__icon-container\">\n                <a href=\"#title-description-two-cols-cta\"><img loading=\"lazy\" decoding=\"async\" width=\"41\" height=\"27\" src=\"https:\/\/h360consulting.com\/wp-content\/themes\/h360consulting\/images\/arrow-down.webp\" alt=\"arrow-down\"><\/a>\n            <\/div>\n        <\/div>\n    <\/section>\n \n\n\n<section id=\"title-description-two-cols-cta\" class=\"title-description-two-cols-cta \">\n    <div class=\"custom-container\">\n                    <h2 class=\"title\">Tu socio estrat\u00e9gico en expansi\u00f3n internacional.<\/h2>\n                    <div class=\"cols-container \">\n                <div class=\"col-left\">\n                    <div class=\"description\">\n                        <p>Expandirse a nuevos mercados es un paso fundamental para el crecimiento sostenible de cualquier empresa.<\/p>\n                    <\/div>\n                                            <div class=\"cta-container \">\n                            <a href=\"\/quienes-somos\" class=\"button arrow\" >\n                                Qui\u00e9nes somos                            <\/a>\n                        <\/div>\n                                    <\/div>\n                                <div class=\"col-right\">\n                    <div class=\"description\">\n                        <p>H360 Consulting ofrece un servicio integral para internacionalizaci\u00f3n, expansi\u00f3n comercial, procurement internacional, asegurando que cada etapa del proceso sea un \u00e9xito.<\/p>\n                    <\/div>\n                                    <div class=\"cta-container\">\n                        <a href=\"\/quienes-somos\" class=\"button arrow\" >\n                            Qui\u00e9nes somos                        <\/a>\n                    <\/div>\n                            <\/div>\n            <\/div>\n<\/section> \n\n    <section class=\"services-slider\">\n        <div class=\"custom-container\">\n            <div class=\"inner-container\">\n                <div class=\"top-col\">\n                    <h2 class=\"services-slider__title\">Nuestros servicios<\/h2>\n                    <div class=\"arrows-container\">\n                        <button class=\"arrow-prev\">\n                            <img decoding=\"async\" class=\"arrow-prev__img\" src=\"https:\/\/h360consulting.com\/wp-content\/themes\/h360consulting\/images\/left-arrow.webp\" alt=\"Arrow Left\">\n                        <\/button>\n                        <button class=\"arrow-next\">\n                            <img decoding=\"async\" class=\"arrow-next__img\" src=\"https:\/\/h360consulting.com\/wp-content\/themes\/h360consulting\/images\/right-arrow.webp\" alt=\"Arrow Right\">\n                        <\/button>\n                    <\/div>\n                <\/div>\n            \n            \n                <div class=\"bottom-col\">\n                    <div class=\"services-slider__wrapper\">\n                                                    <div class=\"services-slider__item\">\n                                <a href=\"https:\/\/h360consulting.com\/es\/servicos\/analisis-de-mercado\/\">\n                                    <div class=\"services-slider__image\">\n                                        <img decoding=\"async\" width=\"528\" height=\"668\" src=\"https:\/\/h360consulting.com\/wp-content\/uploads\/2025\/03\/analise-de-mercado-528x668.webp\" class=\"services-slider__img\" alt=\"An\u00e1lisis de mercado\" loading=\"lazy\" \/>                                        <span class=\"button no-borders\">\n                                            Saber mais                                        <\/span>\n                                    <\/div>\n\n                                    <div class=\"services-slider__content\">\n                                        <h3 class=\"services-slider__title\">An\u00e1lisis de mercado<\/h3>\n                                        \n                                                                                    <div class=\"services-slider__excerpt\">\n                                                Informaci\u00f3n estrat\u00e9gica para una toma de decisiones informada.                                            <\/div>\n                                                                            <\/div>\n                                <\/a>\n                            <\/div>\n                                                    <div class=\"services-slider__item\">\n                                <a href=\"https:\/\/h360consulting.com\/es\/servicos\/expansion-comercial\/\">\n                                    <div class=\"services-slider__image\">\n                                        <img decoding=\"async\" width=\"528\" height=\"721\" src=\"https:\/\/h360consulting.com\/wp-content\/uploads\/2025\/03\/homepage-banner-1-528x721.webp\" class=\"services-slider__img\" alt=\"Expansi\u00f3n comercial\" loading=\"lazy\" \/>                                        <span class=\"button no-borders\">\n                                            Saber mais                                        <\/span>\n                                    <\/div>\n\n                                    <div class=\"services-slider__content\">\n                                        <h3 class=\"services-slider__title\">Expansi\u00f3n comercial<\/h3>\n                                        \n                                                                                    <div class=\"services-slider__excerpt\">\n                                                Identificaci\u00f3n y prospecci\u00f3n de clientes y socios estrat\u00e9gicos.                                            <\/div>\n                                                                            <\/div>\n                                <\/a>\n                            <\/div>\n                                                    <div class=\"services-slider__item\">\n                                <a href=\"https:\/\/h360consulting.com\/es\/servicos\/alianzas-y-representacion-comercial\/\">\n                                    <div class=\"services-slider__image\">\n                                        <img decoding=\"async\" width=\"528\" height=\"721\" src=\"https:\/\/h360consulting.com\/wp-content\/uploads\/2025\/03\/banner-v1-528x721.webp\" class=\"services-slider__img\" alt=\"Alianzas y Representaci\u00f3n Comercial\" loading=\"lazy\" \/>                                        <span class=\"button no-borders\">\n                                            Saber mais                                        <\/span>\n                                    <\/div>\n\n                                    <div class=\"services-slider__content\">\n                                        <h3 class=\"services-slider__title\">Alianzas y Representaci\u00f3n Comercial<\/h3>\n                                        \n                                                                                    <div class=\"services-slider__excerpt\">\n                                                Encontrar los socios adecuados puede ser decisivo para el \u00e9xito de tu empresa en un nuevo mercado.                                            <\/div>\n                                                                            <\/div>\n                                <\/a>\n                            <\/div>\n                                                    <div class=\"services-slider__item\">\n                                <a href=\"https:\/\/h360consulting.com\/es\/servicos\/internacionalizacion-y-gestion-de-implantacion\/\">\n                                    <div class=\"services-slider__image\">\n                                        <img decoding=\"async\" width=\"528\" height=\"600\" src=\"https:\/\/h360consulting.com\/wp-content\/uploads\/2025\/03\/internacionalizacao-e-gestao-de-implantacao-528x600.webp\" class=\"services-slider__img\" alt=\"Internacionalizaci\u00f3n y Gesti\u00f3n de Implantaci\u00f3n\" loading=\"lazy\" \/>                                        <span class=\"button no-borders\">\n                                            Saber mais                                        <\/span>\n                                    <\/div>\n\n                                    <div class=\"services-slider__content\">\n                                        <h3 class=\"services-slider__title\">Internacionalizaci\u00f3n y Gesti\u00f3n de Implantaci\u00f3n<\/h3>\n                                        \n                                                                                    <div class=\"services-slider__excerpt\">\n                                                Apoyo integral en cada fase del proceso de expansi\u00f3n.                                            <\/div>\n                                                                            <\/div>\n                                <\/a>\n                            <\/div>\n                                                    <div class=\"services-slider__item\">\n                                <a href=\"https:\/\/h360consulting.com\/es\/servicos\/procurement-internacional-gestion-de-compras-y-proveedores\/\">\n                                    <div class=\"services-slider__image\">\n                                        <img decoding=\"async\" width=\"528\" height=\"721\" src=\"https:\/\/h360consulting.com\/wp-content\/uploads\/2025\/03\/servico-single-1-528x721.jpg\" class=\"services-slider__img\" alt=\"Procurement Internacional \u2013 Gesti\u00f3n de Compras y Proveedores\" loading=\"lazy\" \/>                                        <span class=\"button no-borders\">\n                                            Saber mais                                        <\/span>\n                                    <\/div>\n\n                                    <div class=\"services-slider__content\">\n                                        <h3 class=\"services-slider__title\">Procurement Internacional \u2013 Gesti\u00f3n de Compras y Proveedores<\/h3>\n                                        \n                                                                                    <div class=\"services-slider__excerpt\">\n                                                Gesti\u00f3n de compras y proveedores globales para optimizar costes y eficacia.                                            <\/div>\n                                                                            <\/div>\n                                <\/a>\n                            <\/div>\n                                            <\/div>\n                <\/div>\n            <\/div>\n        <\/div>\n\n        \n    <\/section>\n \n\n\n<div class=\"image-text wp-block-acf-image-text\">\n    <div class=\"image-text-container \">\n        \n            <!-- Coluna da Imagem -->\n            <div class=\"image-col\">\n                <div class=\"image-text__image-wrapper\">\n                    <img decoding=\"async\" width=\"1000\" height=\"864\" src=\"https:\/\/h360consulting.com\/wp-content\/uploads\/2025\/03\/imagem-1.webp\" class=\"image-text__image\" alt=\"\" loading=\"lazy\" srcset=\"https:\/\/h360consulting.com\/wp-content\/uploads\/2025\/03\/imagem-1.webp 1000w, https:\/\/h360consulting.com\/wp-content\/uploads\/2025\/03\/imagem-1-300x259.webp 300w, https:\/\/h360consulting.com\/wp-content\/uploads\/2025\/03\/imagem-1-768x664.webp 768w\" sizes=\"auto, (max-width: 1000px) 100vw, 1000px\" \/>                <\/div>\n            <\/div>\n\n            <!-- Coluna do Texto -->\n            <div class=\"text-col\">\n                <div class=\"image-text__content\">\n                                            <h2 class=\"image-text__title\">\u00bfListo para llevar tu negocio al siguiente nivel?<\/h2>\n                    \n                                            <div class=\"image-text__description\">\n                            <p><strong>Contacta con nosotros<\/strong> y descubre c\u00f3mo podemos ayudarte a crecer.<\/p>\n                        <\/div>\n                    \n                                            <div class=\"button-container\">\n                            <a href=\"https:\/\/h360consulting.com\/es\/consultoria-contactos\/\" \n                            class=\"button button arrow\"\n                            target=\"\">\n                                La expansi\u00f3n empieza aqu\u00ed                            <\/a>\n                        <\/div>\n                                    <\/div>\n            <\/div>\n        \n    <\/div>\n<\/div> ","protected":false},"excerpt":{"rendered":"","protected":false},"author":1,"featured_media":0,"parent":0,"menu_order":0,"comment_status":"closed","ping_status":"closed","template":"","meta":{"_acf_changed":false,"footnotes":""},"class_list":["post-192","page","type-page","status-publish","hentry"],"acf":[],"_links":{"self":[{"href":"https:\/\/h360consulting.com\/es\/wp-json\/wp\/v2\/pages\/192","targetHints":{"allow":["GET"]}}],"collection":[{"href":"https:\/\/h360consulting.com\/es\/wp-json\/wp\/v2\/pages"}],"about":[{"href":"https:\/\/h360consulting.com\/es\/wp-json\/wp\/v2\/types\/page"}],"author":[{"embeddable":true,"href":"https:\/\/h360consulting.com\/es\/wp-json\/wp\/v2\/users\/1"}],"replies":[{"embeddable":true,"href":"https:\/\/h360consulting.com\/es\/wp-json\/wp\/v2\/comments?post=192"}],"version-history":[{"count":3,"href":"https:\/\/h360consulting.com\/es\/wp-json\/wp\/v2\/pages\/192\/revisions"}],"predecessor-version":[{"id":315,"href":"https:\/\/h360consulting.com\/es\/wp-json\/wp\/v2\/pages\/192\/revisions\/315"}],"wp:attachment":[{"href":"https:\/\/h360consulting.com\/es\/wp-json\/wp\/v2\/media?parent=192"}],"curies":[{"name":"wp","href":"https:\/\/api.w.org\/{rel}","templated":true}]}}