{"id":210,"date":"2025-03-29T09:39:31","date_gmt":"2025-03-29T09:39:31","guid":{"rendered":"https:\/\/h360consulting.com\/servicios\/"},"modified":"2025-07-10T10:34:17","modified_gmt":"2025-07-10T10:34:17","slug":"servicios","status":"publish","type":"page","link":"https:\/\/h360consulting.com\/es\/servicios\/","title":{"rendered":"Servicios"},"content":{"rendered":"\n<section class=\"h360-banner-v1\">\n    <div class=\"banner-background\" style=\"background-image: url('https:\/\/h360consulting.com\/wp-content\/uploads\/2025\/03\/servico-single-1.jpg')\">\n        <div class=\"custom-container\">\n            <div class=\"banner-content\">\n                <h1 class=\"page-title\">\n                    Servicios                <\/h1>\n                            <\/div>\n        <\/div>\n        \n    <\/div>\n<\/section> \n\n\n<div class=\"services-list-block\">\n    <div class=\"services-grid\">\n        <div class=\"services-container\">\n                            <div class=\"services-list\">\n                                            <a href=\"https:\/\/h360consulting.com\/es\/servicos\/analisis-de-mercado\/\" class=\"service-card\">\n                            <div class=\"service-card-bg\" style=\"background-image: url('https:\/\/h360consulting.com\/wp-content\/uploads\/2025\/03\/analise-de-mercado-1024x356.webp')\"><\/div>\n                            <div class=\"service-content\">\n                                <h3>An\u00e1lisis de mercado<\/h3>\n                                                                    <p>Informaci\u00f3n estrat\u00e9gica para una toma de decisiones informada.<\/p>\n                                                                <span class=\"service-link\">\n                                    Saiba mais\n                                    <svg viewBox=\"0 0 24 24\" fill=\"white\"><path d=\"M12 4l-1.41 1.41L16.17 11H4v2h12.17l-5.58 5.59L12 20l8-8z\"\/><\/svg>\n                                <\/span>\n                            <\/div>\n                        <\/a>\n                                            <a href=\"https:\/\/h360consulting.com\/es\/servicos\/expansion-comercial\/\" class=\"service-card\">\n                            <div class=\"service-card-bg\" style=\"background-image: url('https:\/\/h360consulting.com\/wp-content\/uploads\/2025\/03\/homepage-banner-1-1024x698.webp')\"><\/div>\n                            <div class=\"service-content\">\n                                <h3>Expansi\u00f3n comercial<\/h3>\n                                                                    <p>Identificaci\u00f3n y prospecci\u00f3n de clientes y socios estrat\u00e9gicos.<\/p>\n                                                                <span class=\"service-link\">\n                                    Saiba mais\n                                    <svg viewBox=\"0 0 24 24\" fill=\"white\"><path d=\"M12 4l-1.41 1.41L16.17 11H4v2h12.17l-5.58 5.59L12 20l8-8z\"\/><\/svg>\n                                <\/span>\n                            <\/div>\n                        <\/a>\n                                            <a href=\"https:\/\/h360consulting.com\/es\/servicos\/alianzas-y-representacion-comercial\/\" class=\"service-card\">\n                            <div class=\"service-card-bg\" style=\"background-image: url('https:\/\/h360consulting.com\/wp-content\/uploads\/2025\/03\/banner-v1-1024x544.webp')\"><\/div>\n                            <div class=\"service-content\">\n                                <h3>Alianzas y Representaci\u00f3n Comercial<\/h3>\n                                                                    <p>Encontrar los socios adecuados puede ser decisivo para el \u00e9xito de tu empresa en un nuevo mercado.<\/p>\n                                                                <span class=\"service-link\">\n                                    Saiba mais\n                                    <svg viewBox=\"0 0 24 24\" fill=\"white\"><path d=\"M12 4l-1.41 1.41L16.17 11H4v2h12.17l-5.58 5.59L12 20l8-8z\"\/><\/svg>\n                                <\/span>\n                            <\/div>\n                        <\/a>\n                                            <a href=\"https:\/\/h360consulting.com\/es\/servicos\/internacionalizacion-y-gestion-de-implantacion\/\" class=\"service-card\">\n                            <div class=\"service-card-bg\" style=\"background-image: url('https:\/\/h360consulting.com\/wp-content\/uploads\/2025\/03\/internacionalizacao-e-gestao-de-implantacao-1024x320.webp')\"><\/div>\n                            <div class=\"service-content\">\n                                <h3>Internacionalizaci\u00f3n y Gesti\u00f3n de Implantaci\u00f3n<\/h3>\n                                                                    <p>Apoyo integral en cada fase del proceso de expansi\u00f3n.<\/p>\n                                                                <span class=\"service-link\">\n                                    Saiba mais\n                                    <svg viewBox=\"0 0 24 24\" fill=\"white\"><path d=\"M12 4l-1.41 1.41L16.17 11H4v2h12.17l-5.58 5.59L12 20l8-8z\"\/><\/svg>\n                                <\/span>\n                            <\/div>\n                        <\/a>\n                                            <a href=\"https:\/\/h360consulting.com\/es\/servicos\/procurement-internacional-gestion-de-compras-y-proveedores\/\" class=\"service-card\">\n                            <div class=\"service-card-bg\" style=\"background-image: url('https:\/\/h360consulting.com\/wp-content\/uploads\/2025\/03\/servico-single-1-1024x445.jpg')\"><\/div>\n                            <div class=\"service-content\">\n                                <h3>Procurement Internacional \u2013 Gesti\u00f3n de Compras y Proveedores<\/h3>\n                                                                    <p>Gesti\u00f3n de compras y proveedores globales para optimizar costes y eficacia.<\/p>\n                                                                <span class=\"service-link\">\n                                    Saiba mais\n                                    <svg viewBox=\"0 0 24 24\" fill=\"white\"><path d=\"M12 4l-1.41 1.41L16.17 11H4v2h12.17l-5.58 5.59L12 20l8-8z\"\/><\/svg>\n                                <\/span>\n                            <\/div>\n                        <\/a>\n                                    <\/div>\n                                <\/div>\n    <\/div>\n<\/div>\n","protected":false},"excerpt":{"rendered":"","protected":false},"author":1,"featured_media":0,"parent":0,"menu_order":0,"comment_status":"closed","ping_status":"closed","template":"","meta":{"_acf_changed":false,"footnotes":""},"class_list":["post-210","page","type-page","status-publish","hentry"],"acf":[],"_links":{"self":[{"href":"https:\/\/h360consulting.com\/es\/wp-json\/wp\/v2\/pages\/210","targetHints":{"allow":["GET"]}}],"collection":[{"href":"https:\/\/h360consulting.com\/es\/wp-json\/wp\/v2\/pages"}],"about":[{"href":"https:\/\/h360consulting.com\/es\/wp-json\/wp\/v2\/types\/page"}],"author":[{"embeddable":true,"href":"https:\/\/h360consulting.com\/es\/wp-json\/wp\/v2\/users\/1"}],"replies":[{"embeddable":true,"href":"https:\/\/h360consulting.com\/es\/wp-json\/wp\/v2\/comments?post=210"}],"version-history":[{"count":2,"href":"https:\/\/h360consulting.com\/es\/wp-json\/wp\/v2\/pages\/210\/revisions"}],"predecessor-version":[{"id":313,"href":"https:\/\/h360consulting.com\/es\/wp-json\/wp\/v2\/pages\/210\/revisions\/313"}],"wp:attachment":[{"href":"https:\/\/h360consulting.com\/es\/wp-json\/wp\/v2\/media?parent=210"}],"curies":[{"name":"wp","href":"https:\/\/api.w.org\/{rel}","templated":true}]}}