{"id":212,"date":"2025-03-19T21:59:20","date_gmt":"2025-03-19T21:59:20","guid":{"rendered":"https:\/\/h360consulting.com\/quienes-somos\/"},"modified":"2025-07-10T10:30:58","modified_gmt":"2025-07-10T10:30:58","slug":"quienes-somos","status":"publish","type":"page","link":"https:\/\/h360consulting.com\/es\/quienes-somos\/","title":{"rendered":"Qui\u00e9nes somos"},"content":{"rendered":"\n<section class=\"h360-banner-v1\">\n    <div class=\"banner-background\" style=\"background-image: url('https:\/\/h360consulting.com\/wp-content\/uploads\/2025\/03\/banner-v1.webp')\">\n        <div class=\"custom-container\">\n            <div class=\"banner-content\">\n                <h1 class=\"page-title\">\n                    Qui\u00e9nes somos                <\/h1>\n                                    <div class=\"tags\">\n                                                    <span class=\"tag\">Internacionalizaci\u00f3n estrat\u00e9gica<\/span>\n                                                    <span class=\"tag\">Soluciones pr\u00e1cticas<\/span>\n                                                    <span class=\"tag\">Crecimiento global<\/span>\n                                            <\/div>\n                            <\/div>\n        <\/div>\n        \n    <\/div>\n<\/section> \n<section id=\"title-description-two-cols-cta\" class=\"title-description-two-cols-cta alt-bg\">\n    <div class=\"custom-container\">\n                    <h2 class=\"title\">Estrategia internacional, soluciones pr\u00e1cticas y crecimiento global.<\/h2>\n                    <div class=\"cols-container \">\n                <div class=\"col-left\">\n                    <div class=\"description\">\n                        <p>En H360 Consulting, ayudamos a empresas que buscan expandirse a mercados internacionales de forma estructurada y eficiente.<\/p>\n                    <\/div>\n                                    <\/div>\n                                <div class=\"col-right\">\n                    <div class=\"description\">\n                        <p>Con un enfoque personalizado, combinamos inteligencia de mercado, <strong>estrategia comercial y soporte operativo<\/strong> para garantizar el \u00e9xito en la expansi\u00f3n global de nuestros clientes.<\/p>\n<p>La toma de decisiones estrat\u00e9gicas requiere informaci\u00f3n fiable. Nuestro servicio de An\u00e1lisis de Mercado proporciona datos clave para evaluar la viabilidad de la expansi\u00f3n y definir la mejor estrategia. <\/p>\n                    <\/div>\n                            <\/div>\n            <\/div>\n<\/section> \n<section id=\"three-columns-title-description-block_29c42f1e5503bac248d8c25532e45cae\" class=\"three-columns-title-description\">\n    <div class=\"custom-container\">\n        <div class=\"columns-grid\">\n                                <div class=\"column\">\n                                                    <h3 class=\"column-title\">Cobertura Global<\/h3>\n                                                \n                                                    <div class=\"column-description\">\n                                <p>Especialistas locales en los principales mercados internacionales.<\/p>\n                            <\/div>\n                                            <\/div>\n                                    <div class=\"column\">\n                                                    <h3 class=\"column-title\">Metodolog\u00eda Personalizada<\/h3>\n                                                \n                                                    <div class=\"column-description\">\n                                <p>Estrategias adaptadas a cada sector y empresa.<\/p>\n                            <\/div>\n                                            <\/div>\n                                    <div class=\"column\">\n                                                    <h3 class=\"column-title\">Red de Contactos Estrat\u00e9gicos<\/h3>\n                                                \n                                                    <div class=\"column-description\">\n                                <p>Acceso directo a distribuidores, socios comerciales y proveedores internacionales.<\/p>\n                            <\/div>\n                                            <\/div>\n                        <\/div>\n    <\/div>\n<\/section> \n<div class=\"image-text wp-block-acf-image-text\">\n    <div class=\"image-text-container reverse\">\n        \n            <!-- Coluna da Imagem -->\n            <div class=\"image-col\">\n                <div class=\"image-text__image-wrapper\">\n                    <img decoding=\"async\" width=\"900\" height=\"596\" src=\"https:\/\/h360consulting.com\/wp-content\/uploads\/2025\/03\/image-2.webp\" class=\"image-text__image\" alt=\"\" loading=\"lazy\" srcset=\"https:\/\/h360consulting.com\/wp-content\/uploads\/2025\/03\/image-2.webp 900w, https:\/\/h360consulting.com\/wp-content\/uploads\/2025\/03\/image-2-300x199.webp 300w, https:\/\/h360consulting.com\/wp-content\/uploads\/2025\/03\/image-2-768x509.webp 768w\" sizes=\"auto, (max-width: 900px) 100vw, 900px\" \/>                <\/div>\n            <\/div>\n\n            <!-- Coluna do Texto -->\n            <div class=\"text-col\">\n                <div class=\"image-text__content\">\n                                            <h2 class=\"image-text__title\">Independientemente del sector o del mercado objetivo<\/h2>\n                    \n                                            <div class=\"image-text__description\">\n                            <p>ayudamos a tu empresa <strong>a crecer con seguridad, reduciendo riesgos y maximizando oportunidades.<\/strong><\/p>\n                        <\/div>\n                    \n                                            <div class=\"button-container\">\n                            <a href=\"#\" \n                            class=\"button button arrow\"\n                            target=\"\">\n                                La expansi\u00f3n empieza aqu\u00ed                            <\/a>\n                        <\/div>\n                                    <\/div>\n            <\/div>\n        \n    <\/div>\n<\/div> ","protected":false},"excerpt":{"rendered":"","protected":false},"author":1,"featured_media":0,"parent":0,"menu_order":0,"comment_status":"closed","ping_status":"closed","template":"","meta":{"_acf_changed":false,"footnotes":""},"class_list":["post-212","page","type-page","status-publish","hentry"],"acf":[],"_links":{"self":[{"href":"https:\/\/h360consulting.com\/es\/wp-json\/wp\/v2\/pages\/212","targetHints":{"allow":["GET"]}}],"collection":[{"href":"https:\/\/h360consulting.com\/es\/wp-json\/wp\/v2\/pages"}],"about":[{"href":"https:\/\/h360consulting.com\/es\/wp-json\/wp\/v2\/types\/page"}],"author":[{"embeddable":true,"href":"https:\/\/h360consulting.com\/es\/wp-json\/wp\/v2\/users\/1"}],"replies":[{"embeddable":true,"href":"https:\/\/h360consulting.com\/es\/wp-json\/wp\/v2\/comments?post=212"}],"version-history":[{"count":2,"href":"https:\/\/h360consulting.com\/es\/wp-json\/wp\/v2\/pages\/212\/revisions"}],"predecessor-version":[{"id":311,"href":"https:\/\/h360consulting.com\/es\/wp-json\/wp\/v2\/pages\/212\/revisions\/311"}],"wp:attachment":[{"href":"https:\/\/h360consulting.com\/es\/wp-json\/wp\/v2\/media?parent=212"}],"curies":[{"name":"wp","href":"https:\/\/api.w.org\/{rel}","templated":true}]}}